{"id":24,"date":"2022-04-22T21:44:17","date_gmt":"2022-04-22T21:44:17","guid":{"rendered":"https:\/\/biblioteca.umfst.ro\/en\/?page_id=24"},"modified":"2025-09-18T10:22:33","modified_gmt":"2025-09-18T10:22:33","slug":"contact","status":"publish","type":"page","link":"https:\/\/biblioteca.umfst.ro\/en\/contact\/","title":{"rendered":"CONTACT"},"content":{"rendered":"\n<div class=\"wp-block-group has-white-background-color has-background\"><div class=\"wp-block-group__inner-container is-layout-constrained wp-block-group-is-layout-constrained\">\n<p class=\"has-black-color has-white-background-color has-text-color has-background has-link-color wp-elements-143289849a72e7e170f6d7fd832dea11\"><strong><u>LIBRARY OF MEDICNE AND PHARMACY \u2013 Head Quarters<\/u><\/strong><br><br>Str. Gheorghe Marinescu, nr. 38, 540142<br>T\u00e2rgu-Mure\u015f, Rom\u00e2nia<br>Telefon: +40 265 215551<br><br>ext. 115 \u2013 Head of Library Service<br>ext. 116 \u2013 Secretariat<br>ext. 117 \u2013 Public Relations<br>ext. 252 \u2013 Library`s IT Office <br>ext. 268 \u2013 Acquisitions, Books Cataloguing<br>int. 272 \u2013 Periodicals (aquisitions, cataloguing, indexing), Digitization<br>E-mail: biblio@umfst.ro<\/p>\n\n\n\n<p class=\"has-black-color has-white-background-color has-text-color has-background has-link-color wp-elements-1f99a94e64dcdc652049d9063f633e75\"><strong><u>LIBRARY OF SCIENCE AND LETTERS<\/u><\/strong><br><br>Str. Nicolae Iorga, nr. 1, 540088<br>T\u00e2rgu-Mure\u015f, Rom\u00e2nia<br>Telefon: +40 265 215551 \/ ext. 516<\/p>\n\n\n\n<p class=\"has-black-color has-white-background-color has-text-color has-background has-link-color wp-elements-b3a5ec1dbfd5e732628cbfb26f689876\"><strong><u>LIBRARY OF ENGINEERING AND INFORMATION TECHNOLOGY<\/u><\/strong><br><br>Str. Nicolae Iorga, nr. 1, 540088<br>T\u00e2rgu-Mure\u015f, Rom\u00e2nia<br>Telefon: +40 265 215551 \/ ext. 517<\/p>\n\n\n\n<p class=\"has-black-color has-white-background-color has-text-color has-background has-link-color wp-elements-ad2f26a54313dc85ffe8fcba24ce632b\"><strong><u>LIBRARY OF ECONOMICS AND LAW<\/u><\/strong><br><br>Str. Livezeni nr. 69, 540566<br>T\u00e2rgu Mure\u0219, Rom\u00e2nia<br>Telefon: +40 265 215551 \/ ext. 571<br><br><strong>ISIL Identifier: RO-MS-01113<\/strong><\/p>\n\n\n\n<p><iframe loading=\"lazy\" src=\"https:\/\/www.google.com\/maps\/d\/embed?mid=1cGTf0mm1YudI_c4kyRFwlofNsZ0M5Gc&amp;ehbc=2E312F&amp;noprof=1\" width=\"640\" height=\"480\"><\/iframe><\/p>\n<\/div><\/div>\n","protected":false},"excerpt":{"rendered":"<p>LIBRARY OF MEDICNE AND PHARMACY \u2013 Head Quarters Str. Gheorghe Marinescu, nr. 38, 540142T\u00e2rgu-Mure\u015f, Rom\u00e2niaTelefon: +40 265 215551 ext. 115 \u2013 Head of Library Serviceext. 116 \u2013 Secretariatext. 117 \u2013 Public Relationsext. 252 \u2013 Library`s IT Office ext. 268 \u2013 Acquisitions, Books Cataloguingint. 272 \u2013 Periodicals (aquisitions, cataloguing, indexing), DigitizationE-mail: biblio@umfst.ro LIBRARY OF SCIENCE AND [&hellip;]<\/p>\n","protected":false},"author":1,"featured_media":0,"parent":0,"menu_order":0,"comment_status":"closed","ping_status":"closed","template":"","meta":{"footnotes":""},"class_list":["post-24","page","type-page","status-publish","hentry"],"_links":{"self":[{"href":"https:\/\/biblioteca.umfst.ro\/en\/wp-json\/wp\/v2\/pages\/24","targetHints":{"allow":["GET"]}}],"collection":[{"href":"https:\/\/biblioteca.umfst.ro\/en\/wp-json\/wp\/v2\/pages"}],"about":[{"href":"https:\/\/biblioteca.umfst.ro\/en\/wp-json\/wp\/v2\/types\/page"}],"author":[{"embeddable":true,"href":"https:\/\/biblioteca.umfst.ro\/en\/wp-json\/wp\/v2\/users\/1"}],"replies":[{"embeddable":true,"href":"https:\/\/biblioteca.umfst.ro\/en\/wp-json\/wp\/v2\/comments?post=24"}],"version-history":[{"count":9,"href":"https:\/\/biblioteca.umfst.ro\/en\/wp-json\/wp\/v2\/pages\/24\/revisions"}],"predecessor-version":[{"id":931,"href":"https:\/\/biblioteca.umfst.ro\/en\/wp-json\/wp\/v2\/pages\/24\/revisions\/931"}],"wp:attachment":[{"href":"https:\/\/biblioteca.umfst.ro\/en\/wp-json\/wp\/v2\/media?parent=24"}],"curies":[{"name":"wp","href":"https:\/\/api.w.org\/{rel}","templated":true}]}}