{"id":511,"date":"2023-08-22T10:15:50","date_gmt":"2023-08-22T10:15:50","guid":{"rendered":"https:\/\/biblioteca.umfst.ro\/en\/?page_id=511"},"modified":"2025-09-18T08:49:51","modified_gmt":"2025-09-18T08:49:51","slug":"virtual-libraries","status":"publish","type":"page","link":"https:\/\/biblioteca.umfst.ro\/en\/virtual-libraries\/","title":{"rendered":"VIRTUAL LIBRARIES"},"content":{"rendered":"\n<div class=\"wp-block-group has-white-background-color has-background\"><div class=\"wp-block-group__inner-container is-layout-constrained wp-block-group-is-layout-constrained\">\n<p class=\"has-white-background-color has-background\"><strong>ARCHIVES<\/strong><br><a href=\"http:\/\/www.cnsas.ro\" target=\"_blank\" rel=\"noreferrer noopener\">Arhiva CNSAS<\/a> (<strong>CNSAS Archive<\/strong> <strong>(National Council for the Study of the Securitate Archives)<\/strong>)<br><a href=\"https:\/\/arhivacomisiuniimonumentelor.ro\" target=\"_blank\" rel=\"noreferrer noopener\">Arhiva Comisiunii Monumentelor Istorice<\/a> (<strong>Archive of the Commission of Historical Monuments<\/strong>)<br><a href=\"http:\/\/www.arhivaexilului.ro\/ro\/arhiva-online-a-exilului-romanesc\/\" target=\"_blank\" rel=\"noreferrer noopener\">Arhiva exilului<\/a> (<strong>Exile Archive<\/strong>)<br><a href=\"http:\/\/arhivamedievala.ro\/webcenter\/portal\/oracle\/webcenter\/page\/scopedMD\/sb1ac891c_2b6f_47a7_b1ce_e311bc50c24e\/PortalHome.jspx\" target=\"_blank\" rel=\"noreferrer noopener\">Arhiva medieval\u0103 a Rom\u00e2niei<\/a> (<strong>Romania\u2019s Medieval Archive<\/strong>)<\/p>\n\n\n\n<p class=\"has-white-background-color has-background\"><strong>ROMANIAN DIGITAL LIBRARIES<\/strong><br><a href=\"https:\/\/www.bcub.ro\/biblioteca-digitala\/\" target=\"_blank\" rel=\"noreferrer noopener\">Biblioteca Digital\u0103 BCU \u201eCarol I\u201d Bucure\u0219ti<\/a> (<strong>\u201cCarol I\u201d Central University Library of Bucharest \u2013 Digital Library<\/strong>)<br><a href=\"https:\/\/dspace.bcucluj.ro\" target=\"_blank\" rel=\"noreferrer noopener\">Biblioteca Digital\u0103 BCU Cluj<\/a> (<strong>Cluj Central University Library \u2013 Digital Library<\/strong>)<br><a href=\"http:\/\/dspace.bcu-iasi.ro\" target=\"_blank\" rel=\"noreferrer noopener\">Biblioteca Digital\u0103 a BCU \u201eMihai Eminescu\u201d Ia\u0219i<\/a> (<strong>\u201cMihai Eminescu\u201d Central University Library of Ia\u0219i \u2013 Digital Library<\/strong>)<br><a href=\"https:\/\/biblioteca-digitala.ro\/\" target=\"_blank\" rel=\"noreferrer noopener\">Biblioteca Digital\u0103 a Publica\u021biilor Culturale<\/a> (<strong>Digital Library of Cultural Publications<\/strong>)<br><a href=\"https:\/\/www.bibliotecapemobil.ro\" target=\"_blank\" rel=\"noreferrer noopener\">Biblioteca Digital\u0103 pe mobil<\/a> (<strong>Mobile Digital Library<\/strong>)<br><a href=\"http:\/\/digitool.bibnat.ro\/R\/FSM3XH3ULT77XV9IMEJRSVJN9EHRSCTVIIXFEY3AVMNLDE8PSC-01056?func=search\" target=\"_blank\" rel=\"noreferrer noopener\">Biblioteca Digital\u0103 Na\u021bional\u0103<\/a> (<strong>National Digital Library<\/strong>)<br><a href=\"https:\/\/biblior.net\" target=\"_blank\" rel=\"noreferrer noopener\">Biblioteca Virtual\u0103 Rom\u00e2neasc\u0103<\/a> (<strong>Romanian Virtual Library<\/strong>)<br><a href=\"http:\/\/medievalia.com.ro\/\" target=\"_blank\" rel=\"noreferrer noopener\">Medievalia \u2013 Texte fundamentale ale culturii rom\u00e2ne medievale<\/a> (<strong>Medievalia \u2013 Fundamental Texts of Medieval Romanian Culture<\/strong>)<br><a href=\"http:\/\/www.editura.ubbcluj.ro\/www\/ro\/ebooks\/domains.php\" target=\"_blank\" rel=\"noreferrer noopener\">Biblioteca Edituriii Presa Universitar\u0103 Clujean\u0103<\/a> (<strong>Library of the \u201cPresa Universitar\u0103 Clujean\u0103\u201d Publishing House<\/strong>)<br><a href=\"https:\/\/humanitas.ro\/humanitas\/colectii\/biblioteca-virtuala\" target=\"_blank\" rel=\"noreferrer noopener\">Biblioteca Editurii Humanitas<\/a> (<strong>Humanitas Publishing House Library<\/strong>)<br><a href=\"http:\/\/digital-library.ulbsibiu.ro\/jspui\/\" target=\"_blank\" rel=\"noreferrer noopener\">Biblioteca Digital\u0103 a Universit\u0103\u0163ii \u201eLucian Blaga\u201d Sibiu<\/a> (<strong>Digital Library of the \u201cLucian Blaga\u201d University of Sibiu<\/strong>)<br><a href=\"http:\/\/biblio.central.ucv.ro\/bib_web\/ro\/E_books1.php\" target=\"_blank\" rel=\"noreferrer noopener\">Biblioteca Digital\u0103 a Universit\u0103\u0163ii din Craiova<\/a> (<strong>Digital Library of the University of Craiova<\/strong>)<br><a href=\"http:\/\/cat-biblioteca.upit.ro\/bibl\/Pagina%20WEB\/Site_nou\/DigLib.htm\" target=\"_blank\" rel=\"noreferrer noopener\">Biblioteca Digital\u0103 a Universit\u0103\u0163ii din Pite\u015fti<\/a> (<strong>Digital Library of the University of Pite\u0219ti<\/strong>)<br><a href=\"https:\/\/revistatransilvania.ro\/mdrr\/\" target=\"_blank\" rel=\"noreferrer noopener\">Muzeul Digital al Romanului Rom\u00e2nesc<\/a> (<strong>Digital Museum of the Romanian Novel<\/strong>)<br><a href=\"https:\/\/digital.bibliotecaarad.ro\">Biblioteca Jude\u021bean\u0103 \u201eA. D. Xenopol\u201d din Arad<\/a> (<strong>\u201cA. D. Xenopol\u201d County Library of Arad<\/strong>)<br><a href=\"http:\/\/www.dspace.bjastrasibiu.ro\">Biblioteca ASTRA din Sibiu<\/a> (<strong>ASTRA Library, Sibiu<\/strong>)<br><a href=\"http:\/\/www.bibliotecadeva.eu\/bdh.html\">Biblioteca \u201eOvid Densu\u0219ianu\u201d Hunedoara-Deva<\/a> (<strong>\u201cOvid Densu\u0219ianu\u201d Hunedoara\u2013Deva County Library<\/strong>)<br><a href=\"https:\/\/bibgtkneamt.ebibliophil.ro\/crw\">Biblioteca Jude\u021bean\u0103 \u201eG. T. Kirileanu\u201d din Piatra Neam\u021b<\/a> (<strong>\u201cG. T. Kirileanu\u201d County Library of Piatra Neam\u021b<\/strong>)<\/p>\n\n\n\n<p class=\"has-white-background-color has-background\"><strong>FOREIGN DIGITAL LIBRARIES<\/strong><br><a href=\"http:\/\/memory.loc.gov\/ammem\/index.html\">American Memory<\/a><br><a href=\"http:\/\/www.e-codices.unifr.ch\/en\" target=\"_blank\" rel=\"noreferrer noopener\">e-codices<\/a><br><a href=\"http:\/\/eric.ed.gov\/\" target=\"_blank\" rel=\"noreferrer noopener\">ERIC<\/a><br><a href=\"http:\/\/www.europeana.eu\/portal\" target=\"_blank\" rel=\"noreferrer noopener\">Europeana<\/a><br><a href=\"http:\/\/gallica.bnf.fr\/\" target=\"_blank\" rel=\"noreferrer noopener\">Gallica<\/a><br><a href=\"https:\/\/books.google.ro\/\" target=\"_blank\" rel=\"noreferrer noopener\">Google Books<\/a><br><a href=\"http:\/\/www.gutenberg.org\/\" target=\"_blank\" rel=\"noreferrer noopener\">Gutenberg<\/a><br><a href=\"http:\/\/www.ibiblio.org\/\" target=\"_blank\" rel=\"noreferrer noopener\">ibiblio<\/a><br><a href=\"http:\/\/www.loyalbooks.com\/\" target=\"_blank\" rel=\"noreferrer noopener\">Loyal Books<\/a><br><a href=\"http:\/\/www.manuscripta-mediaevalia.de\/#|4\" target=\"_blank\" rel=\"noreferrer noopener\">Manuscripta mediaevalia<\/a><br><a href=\"http:\/\/ocw.mit.edu\/index.htm\" target=\"_blank\" rel=\"noreferrer noopener\">MIT Open Courseware<\/a><br><a href=\"https:\/\/openlibrary.org\/\" target=\"_blank\" rel=\"noreferrer noopener\">Open Library<\/a><br><a href=\"http:\/\/www.odl.ox.ac.uk\/\" target=\"_blank\" rel=\"noreferrer noopener\">Oxford Digital Library (ODL)<\/a><br><a href=\"http:\/\/www.perseus.tufts.edu\/hopper\/\" target=\"_blank\" rel=\"noreferrer noopener\">Perseus Digital Library<\/a><br><a href=\"http:\/\/library.si.edu\/digital-library\" target=\"_blank\" rel=\"noreferrer noopener\">Smithsonian Libraries<\/a><br><a href=\"https:\/\/www.manuscriptorium.com\/en\" data-type=\"URL\" data-id=\"https:\/\/www.manuscriptorium.com\/en\" target=\"_blank\" rel=\"noreferrer noopener\">Digital Library of Written Cultural Heritage<\/a><\/p>\n<\/div><\/div>\n","protected":false},"excerpt":{"rendered":"<p>ARCHIVESArhiva CNSAS (CNSAS Archive (National Council for the Study of the Securitate Archives))Arhiva Comisiunii Monumentelor Istorice (Archive of the Commission of Historical Monuments)Arhiva exilului (Exile Archive)Arhiva medieval\u0103 a Rom\u00e2niei (Romania\u2019s Medieval Archive) ROMANIAN DIGITAL LIBRARIESBiblioteca Digital\u0103 BCU \u201eCarol I\u201d Bucure\u0219ti (\u201cCarol I\u201d Central University Library of Bucharest \u2013 Digital Library)Biblioteca Digital\u0103 BCU Cluj (Cluj Central [&hellip;]<\/p>\n","protected":false},"author":1,"featured_media":0,"parent":0,"menu_order":0,"comment_status":"closed","ping_status":"closed","template":"","meta":{"footnotes":""},"class_list":["post-511","page","type-page","status-publish","hentry"],"_links":{"self":[{"href":"https:\/\/biblioteca.umfst.ro\/en\/wp-json\/wp\/v2\/pages\/511","targetHints":{"allow":["GET"]}}],"collection":[{"href":"https:\/\/biblioteca.umfst.ro\/en\/wp-json\/wp\/v2\/pages"}],"about":[{"href":"https:\/\/biblioteca.umfst.ro\/en\/wp-json\/wp\/v2\/types\/page"}],"author":[{"embeddable":true,"href":"https:\/\/biblioteca.umfst.ro\/en\/wp-json\/wp\/v2\/users\/1"}],"replies":[{"embeddable":true,"href":"https:\/\/biblioteca.umfst.ro\/en\/wp-json\/wp\/v2\/comments?post=511"}],"version-history":[{"count":4,"href":"https:\/\/biblioteca.umfst.ro\/en\/wp-json\/wp\/v2\/pages\/511\/revisions"}],"predecessor-version":[{"id":926,"href":"https:\/\/biblioteca.umfst.ro\/en\/wp-json\/wp\/v2\/pages\/511\/revisions\/926"}],"wp:attachment":[{"href":"https:\/\/biblioteca.umfst.ro\/en\/wp-json\/wp\/v2\/media?parent=511"}],"curies":[{"name":"wp","href":"https:\/\/api.w.org\/{rel}","templated":true}]}}