{"id":70,"date":"2022-04-23T03:46:03","date_gmt":"2022-04-23T03:46:03","guid":{"rendered":"https:\/\/biblioteca.umfst.ro\/en\/?page_id=70"},"modified":"2025-05-29T07:30:17","modified_gmt":"2025-05-29T07:30:17","slug":"medicines-and-pharmacys-history-museum-hall","status":"publish","type":"page","link":"https:\/\/biblioteca.umfst.ro\/en\/medicines-and-pharmacys-history-museum-hall\/","title":{"rendered":"The Museum of the History of Medicine and Pharmacy"},"content":{"rendered":"\n<p>The Museum of the History of Medicine and Pharmacy<\/p>\n\n\n\n<figure class=\"wp-block-image size-large\"><img decoding=\"async\" src=\"https:\/\/biblioteca.umfst.ro\/wp-content\/uploads\/2024\/11\/WhatsApp-Image-2024-11-22-at-15.59.10-1024x467.jpeg\" alt=\"\" class=\"wp-image-1959\"\/><\/figure>\n\n\n\n<p>The library&#8217;s collections are enriched with remarkable old works, created between the 16th and 19th centuries: books and periodicals, manuscripts, diplomas, iconographic materials. These works constitute the Special Collections, housed in the Museum Room of the History of Medicine and Pharmacy.<\/p>\n\n\n\n<p>The oldest documentary units in the Special Collections of the &#8220;George Emil Palade&#8221; UMFST Library in T\u00e2rgu Mure\u0219 are distributed as follows:<\/p>\n\n\n\n<ul class=\"wp-block-list\">\n<li>Publications from the 16th century, years 1532\u20131572 \u2013 13 titles;<\/li>\n\n\n\n<li>Publications from the 17th century, years 1606\u20131700 \u2013 10 titles;<\/li>\n\n\n\n<li>Publications from the 18th century, years 1701\u20131800 \u2013 189 titles;<\/li>\n\n\n\n<li>Publications from the 19th century, years 1801\u20131900 \u2013 1581 titles.<\/li>\n<\/ul>\n\n\n\n<p>The oldest work in this collection is:<\/p>\n\n\n\n<p><strong><strong>1532<\/strong><\/strong> \u2013 <em>Epitome opusculi de curandis pusculis ulceribus &amp; doloribus morbi Gallici, mali franzos appellati<\/em>, Basileae, author: Laurentio Phrisio, shelf mark CV 26<\/p>\n\n\n\n<p>Other works published in the 16th century, in chronological order:<\/p>\n\n\n\n<ul class=\"wp-block-list\">\n<li><strong><strong>1533<\/strong><\/strong> \u2013 Johane Hasfurto Virdungo, <em>Nova medicinae methodus curandi morbus: ex Mathematica scientia deprompta, nunc denuo revisa, &amp; exactissime emendata<\/em>, Haganoae, shelf mark CV 21<\/li>\n\n\n\n<li><strong><strong>1534<\/strong><\/strong> \u2013 Cristophoro Heyll, <em>Hoc in volumine haec continentur: artificialis medicatio, constans paraphrasi in Galeni Librum de Artis Medicae Constitutione<\/em>, Mogunt, shelf mark CV 22<\/li>\n\n\n\n<li><strong><strong>1551<\/strong><\/strong> \u2013 Eucharij Rhodionis, <em>De Partu hominis et quae circa ipsum accidunt, adeoque de parturientum et infantium morbis atque cura<\/em>, Francoforti, shelf mark CV 69<\/li>\n\n\n\n<li><strong>1557<\/strong> \u2013 Arnoldi Novicomensis, Joannem Curionem, <em>De conservanda bona valetudine, opusculum scholae Salernitanae, ad regem Angliae, Germanicis Rhytmis illustratum [Collected]<\/em>, Frankfurt, shelf mark CV 69<\/li>\n\n\n\n<li><strong><strong>1563<\/strong><\/strong> \u2013 Pierre Franco, <em>Trait\u00e9 des hernies<\/em> [Manuscript], Lyon, shelf mark CV 87<\/li>\n\n\n\n<li><strong><strong>1563<\/strong><\/strong> \u2013 <em>Apoteken Tax der Stadt Anneberg und Wuerderung aller Erztneye so in der Apoteken alda verkaufft werden<\/em>, Mittenwald, shelf mark CV 8<\/li>\n\n\n\n<li><strong><strong>1566<\/strong><\/strong> \u2013 Conrad Gessner, <em>Moschionos peri gynaikeion pathon, id est, Moschionis medici graeci de morbis muliebribus liber unus<\/em>, Basileae, shelf mark CV 7<\/li>\n\n\n\n<li><strong><strong>1568<\/strong><\/strong> \u2013 Budaeum, G., Tusanum, J., Gesnerum, K., <em>Lexicon Ellinoro. Maikon, hoc est, Dictionarium Graecolatinum supra omnes editiones postrem\u00f2 nunc hoc anno ex variis et multis praestantioribus linguae Graecae<\/em>, Basileae, shelf mark CV 78<\/li>\n\n\n\n<li><strong><strong>1570<\/strong><\/strong> \u2013 Alexander von S\u00fcchten, Michael Toxites, <em>Liber unus De secretis Antimonii. Das ist, Von der grossen heymligkeit, des Antimonii die Artzney belangent: Allen Medicis nottwendig zu wissen [Collected]<\/em>, Strasburg, 1568, shelf mark CV 48<\/li>\n\n\n\n<li><strong><strong>1570<\/strong><\/strong> \u2013 Petrus Kertzenmacher, Cardinal Gilberti, <em>Alchimia: das ist, Alle Farben, Wasser, Olea, Salia, und Alumina, damit mann alle Corpora, Spiritus und Calces prepariert, sublimiert und fixiert, zubereiten: Und wie mann diese Dinge n\u00fctze, auf da\u00df Sol und Luna werden m\u00f6ge: Auch von Solvieren und<\/em>, Frankfurt am Main, shelf mark CV 48<\/li>\n\n\n\n<li><strong><strong>1571<\/strong><\/strong> \u2013 Michael Toxites, Philippus Theophrastus Paracelsus, <em>Von dem Bad Pfeffers, Gelegen in Ober Schweitz, Von seinen Tugenden, Kr\u00e4ften, und Wirkung, Ursprung und Herkommen, Regiment und Ordinantz. Durch Den hochgelehrten und erfahrenen beider Artzney Doctorem Philippum Theophrastum Paracelsum<\/em>, Strasburg, shelf mark CV 48<\/li>\n\n\n\n<li><strong><strong>1572<\/strong><\/strong> \u2013 Paracelsum, Adam von Bodenstein, <em>Drey herrliche Schrifften Herren Doctors, Theophrasti, von Hohenheim: Allen Stenden, so durchs geschw\u00e4tz und ungeseuffer, vermeinter Artzeten verf\u00fchrt werden<\/em>, Basel, shelf mark CV 48<\/li>\n<\/ul>\n\n\n\n<p>The works in the Special Collections are in the process of being digitized and are made available to users through the Institutional Digital Repository.<\/p>\n\n\n\n<p>In addition to the written documents, the museum hosts medical and pharmaceutical instruments and objects, testimonies to the evolution of medicine and pharmacy: medicine boxes, pharmaceutical jars, pharmacy scales, devices for extracting plant concentrates, stamps and seals, pharmaceutical emblems, diplomas, and medals.<\/p>\n","protected":false},"excerpt":{"rendered":"<p>The Museum of the History of Medicine and Pharmacy The library&#8217;s collections are enriched with remarkable old works, created between the 16th and 19th centuries: books and periodicals, manuscripts, diplomas, iconographic materials. These works constitute the Special Collections, housed in the Museum Room of the History of Medicine and Pharmacy. The oldest documentary units in [&hellip;]<\/p>\n","protected":false},"author":1,"featured_media":0,"parent":0,"menu_order":0,"comment_status":"closed","ping_status":"closed","template":"","meta":{"footnotes":""},"class_list":["post-70","page","type-page","status-publish","hentry"],"_links":{"self":[{"href":"https:\/\/biblioteca.umfst.ro\/en\/wp-json\/wp\/v2\/pages\/70","targetHints":{"allow":["GET"]}}],"collection":[{"href":"https:\/\/biblioteca.umfst.ro\/en\/wp-json\/wp\/v2\/pages"}],"about":[{"href":"https:\/\/biblioteca.umfst.ro\/en\/wp-json\/wp\/v2\/types\/page"}],"author":[{"embeddable":true,"href":"https:\/\/biblioteca.umfst.ro\/en\/wp-json\/wp\/v2\/users\/1"}],"replies":[{"embeddable":true,"href":"https:\/\/biblioteca.umfst.ro\/en\/wp-json\/wp\/v2\/comments?post=70"}],"version-history":[{"count":7,"href":"https:\/\/biblioteca.umfst.ro\/en\/wp-json\/wp\/v2\/pages\/70\/revisions"}],"predecessor-version":[{"id":814,"href":"https:\/\/biblioteca.umfst.ro\/en\/wp-json\/wp\/v2\/pages\/70\/revisions\/814"}],"wp:attachment":[{"href":"https:\/\/biblioteca.umfst.ro\/en\/wp-json\/wp\/v2\/media?parent=70"}],"curies":[{"name":"wp","href":"https:\/\/api.w.org\/{rel}","templated":true}]}}