{"id":719,"date":"2025-04-03T10:55:38","date_gmt":"2025-04-03T10:55:38","guid":{"rendered":"https:\/\/biblioteca.umfst.ro\/en\/?page_id=719"},"modified":"2025-09-11T06:10:02","modified_gmt":"2025-09-11T06:10:02","slug":"organizarional-chart","status":"publish","type":"page","link":"https:\/\/biblioteca.umfst.ro\/en\/organizarional-chart\/","title":{"rendered":"ORGANIZATIONAL STRUCTURE"},"content":{"rendered":"\n<p class=\"has-black-color has-white-background-color has-text-color has-background has-link-color wp-elements-c0ac66628a1c6da544e950b899520789\"><strong style=\"font-weight: bold;\">HEAD OF LIBRARY SERVICE<\/strong><br> Tel. no: +40 265212414; +40 264215551 ext. 115<br> HELGIU Anamaria \u2013 e-mail: <a href=\"mailto:anamaria.helgiu@umfst.ro\">anamaria.helgiu@umfst.ro<\/a><br><br> <strong style=\"font-weight: bold;\">SECRETARIAT<\/strong> \u2013 ext. 116<br> ORMENI\u0218AN Ioana Maria \u2013 e-mail: <a href=\"mailto:biblio@umfst.ro\">biblio@umfst.ro<\/a><br><br> <strong style=\"font-weight: bold;\">ACQUISITIONS, COLLECTION MANAGEMENT, CATALOGUING, INTERLIBRARY EXCHANGE<\/strong> \u2013 ext. 268<br> BANU Claudia-Maria \u2013 e-mail: <a href=\"mailto:claudia.banu@umfst.ro\">claudia.banu@umfst.ro<\/a><br> D\u00c2RJAN Anda-Victori\u021ba \u2013 e-mail: <a href=\"mailto:anda.darjan@umfst.ro\">anda.darjan@umfst.ro<\/a><br> D\u00ceRSTAR Greta-Iolanda \u2013 e-mail: <a href=\"mailto:greta.dirstar@umfst.ro\">greta.dirstar@umfst.ro<\/a><br> RUS Alexandra-Tincu\u021ba \u2013 e-mail: <a href=\"mailto:alexandra.rus@umfst.ro\">alexandra.rus@umfst.ro<\/a><br><br> <strong style=\"font-weight: bold;\">PERIODICALS, DATABASES, BIBLIOGRAPHICAL REFERENCES, LIBRARY BRANCHES<\/strong> \u2013 ext. 272<br> FOKT Erzsebet-Andrea \u2013 e-mail: <a href=\"mailto:andrea.fokt@umfst.ro\">andrea.fokt@umfst.ro<\/a><br> GHERMAN Cristina-Simona \u2013 e-mail: <a href=\"mailto:simona.gherman@umfst.ro\">simona.gherman@umfst.ro<\/a><br><br> <strong style=\"font-weight: bold;\">DIGITIZATION<\/strong> \u2013 ext. 272<br> GROZA Marinela \u2013 e-mail: <a href=\"mailto:marinela.groza@umfst.ro\">marinela.groza@umfst.ro<\/a><br> RUSU Laura-Ioana \u2013 e-mail: <a href=\"mailto:laura.rusu@umfst.ro\">laura.rusu@umfst.ro<\/a><br><br> <strong style=\"font-weight: bold;\">IT SERVICES<\/strong> \u2013 ext. 252<br> RUS Paul-Adrian \u2013 e-mail: <a href=\"mailto:paul-adrian.rus@umfst.ro\">paul-adrian.rus@umfst.ro<\/a><br><br> <strong style=\"font-weight: bold;\">PUBLIC RELATIONS<\/strong> \u2013 ext. 117<br> ALBERT Andrea \u2013 e-mail: <a href=\"mailto:andrea.albert@umfst.ro\">andrea.albert@umfst.ro<\/a><br> HO\u0162A Octavian-Emil \u2013 e-mail: <a href=\"mailto:octavian.hota@umfst.ro\">octavian.hota@umfst.ro<\/a><br> NAGY Rodica \u2013 e-mail: <a href=\"mailto:rodica.nagy@umfst.ro\">rodica.nagy@umfst.ro<\/a><br> NISTOR Ani\u0219oara-Ligia \u2013 e-mail: <a href=\"mailto:anisoara-ligia.nistor@umfst.ro\">anisoara-ligia.nistor@umfst.ro<\/a><br> SIMON Ildik\u00f3 \u2013 e-mail: <a href=\"mailto:ildiko.simon@umfst.ro\">ildiko.simon@umfst.ro<\/a><br><br> <strong style=\"font-weight: bold;\">SCIENCE AND LETTERS LIBRARY<\/strong> \u2013 ext. 516<br> GUDOR Mona \u2013 e-mail: <a href=\"mailto:mona.gudor@umfst.ro\">mona.gudor@umfst.ro<\/a><br> NATEA Diana-Nastasia \u2013 e-mail: <a href=\"mailto:diana.natea@umfst.ro\">diana.natea@umfst.ro<\/a><br> RA\u021aIU Corina \u2013 e-mail: <a href=\"mailto:corina.ratiu@umfst.ro\">corina.ratiu@umfst.ro<\/a><br><br> <strong style=\"font-weight: bold;\">ENGINEERING AND INFORMATION LIBRARY<\/strong> \u2013 ext. 517<br> BARAB\u00c1S El\u0151d \u2013 e-mail: <a href=\"mailto:elod.barabas@umfst.ro\">elod.barabas@umfst.ro<\/a><br> F\u00dcL\u00d6P T\u00fcnde \u2013 e-mail: <a href=\"mailto:tunde.fulop@umfst.ro\">tunde.fulop@umfst.ro<\/a><br> VECSERKA Anna-Kinga \u2013 e-mail: <a href=\"mailto:kinga.vecserka@umfst.ro\">kinga.vecserka@umfst.ro<\/a><br><br> <strong style=\"font-weight: bold;\">ECONOMY AND LAW LIBRARY<\/strong> \u2013 ext. 571<br> BARAB\u00c1S Ad\u00e9l \u2013 e-mail: <a href=\"mailto:adel.barabas@umfst.ro\">adel.barabas@umfst.ro<\/a><br> BUTA Andrei \u2013 e-mail: <a href=\"mailto:andrei.buta@umfst.ro\">andrei.buta@umfst.ro<\/a><br> K\u00c1LM\u00c1N Ildik\u00f3 \u2013 e-mail: <a href=\"mailto:ildiko.kalman@umfst.ro\">ildiko.kalman@umfst.ro<\/a><br><br> <strong style=\"font-weight: bold;\">BRANCHES<\/strong><br> 1. Anatomy \u2013 Discipline of Anatomy;<br> 2. Histology \u2013 Discipline of Histology;<br> 3. Morphopathology \u2013 Discipline of Pathological Anatomy, County Clinic Hospital;<br> 4. Physiology \u2013 Discipline of Physiology;<br> 5. Surgery I \u2013 Surgery I Clinic, County Clinic Hospital;<br> 6. Botany \u2013 Discipline of Botany;<br> 7. Pharmaceutical Technology \u2013 Discipline of Pharmaceutical Technology;<br> 8. Inorganic Chemistry \u2013 Discipline of Inorganic Chemistry.<\/p>\n","protected":false},"excerpt":{"rendered":"<p>HEAD OF LIBRARY SERVICE Tel. no: +40 265212414; +40 264215551 ext. 115 HELGIU Anamaria \u2013 e-mail: anamaria.helgiu@umfst.ro SECRETARIAT \u2013 ext. 116 ORMENI\u0218AN Ioana Maria \u2013 e-mail: biblio@umfst.ro ACQUISITIONS, COLLECTION MANAGEMENT, CATALOGUING, INTERLIBRARY EXCHANGE \u2013 ext. 268 BANU Claudia-Maria \u2013 e-mail: claudia.banu@umfst.ro D\u00c2RJAN Anda-Victori\u021ba \u2013 e-mail: anda.darjan@umfst.ro D\u00ceRSTAR Greta-Iolanda \u2013 e-mail: greta.dirstar@umfst.ro RUS Alexandra-Tincu\u021ba \u2013 e-mail: [&hellip;]<\/p>\n","protected":false},"author":1,"featured_media":0,"parent":0,"menu_order":0,"comment_status":"closed","ping_status":"closed","template":"","meta":{"footnotes":""},"class_list":["post-719","page","type-page","status-publish","hentry"],"_links":{"self":[{"href":"https:\/\/biblioteca.umfst.ro\/en\/wp-json\/wp\/v2\/pages\/719","targetHints":{"allow":["GET"]}}],"collection":[{"href":"https:\/\/biblioteca.umfst.ro\/en\/wp-json\/wp\/v2\/pages"}],"about":[{"href":"https:\/\/biblioteca.umfst.ro\/en\/wp-json\/wp\/v2\/types\/page"}],"author":[{"embeddable":true,"href":"https:\/\/biblioteca.umfst.ro\/en\/wp-json\/wp\/v2\/users\/1"}],"replies":[{"embeddable":true,"href":"https:\/\/biblioteca.umfst.ro\/en\/wp-json\/wp\/v2\/comments?post=719"}],"version-history":[{"count":9,"href":"https:\/\/biblioteca.umfst.ro\/en\/wp-json\/wp\/v2\/pages\/719\/revisions"}],"predecessor-version":[{"id":892,"href":"https:\/\/biblioteca.umfst.ro\/en\/wp-json\/wp\/v2\/pages\/719\/revisions\/892"}],"wp:attachment":[{"href":"https:\/\/biblioteca.umfst.ro\/en\/wp-json\/wp\/v2\/media?parent=719"}],"curies":[{"name":"wp","href":"https:\/\/api.w.org\/{rel}","templated":true}]}}